{"id":2216,"date":"2021-06-21T12:16:56","date_gmt":"2021-06-21T11:16:56","guid":{"rendered":"https:\/\/www.hidrografija.si\/?page_id=2216"},"modified":"2026-03-27T14:23:56","modified_gmt":"2026-03-27T13:23:56","slug":"o-piskotkih","status":"publish","type":"page","link":"https:\/\/hidrografija.si\/en\/o-piskotkih\/","title":{"rendered":"O pi\u0161kotkih"},"content":{"rendered":"<p><strong>Kaj so pi\u0161kotki?<\/strong><\/p>\n<p>Pi\u0161kotki so majhne besedilne datoteke, ki jih obiskana spletna mesta po\u0161ljejo v va\u0161 ra\u010dunalnik in shranijo na njem v datote\u010dnem imeniku spletnega brskalnika. Njihovo shranjevanje je pod popolnim nadzorom brskalnika, ki ga uporablja uporabnik. Samo stre\u017enik, ki je poslal pi\u0161kotek, lahko prebere in uporablja ta pi\u0161kotek. Vedno pa imate mo\u017enost, da pi\u0161kotke sprejmete ali zavrnete.<\/p>\n<p>Lastnike spletnih mest informirajo o tem, kolikokrat obiskovalec obi\u0161\u010de stran in kaj ga v teh obiskih zanima. Pi\u0161kotek se preko brskalnika prenese k vam med prvim obiskom. Ko se naslednji\u010d vrnete na spletno stran lahko brskalnik preveri, ali je pi\u0161kotek prisoten, in uporabi podatke iz pi\u0161kotka ter jih po\u0161lje nazaj strani. To omogo\u010da spletnim mestom, da prepoznajo, da jih je uporabnik \u017ee predhodno obiskal in v nekaterih primerih temu prilagodijo prikazano vsebino. Ob naslednjem obisku spletnega mesta brskalnik prebere pi\u0161kotek in posreduje informacije spletnemu mestu ali drugemu elementu, ki je nastavil pi\u0161kotek.<\/p>\n<p>Sam pi\u0161kotek torej ne vsebuje ali zbira informacij. \u010ce pa ga prebere stre\u017enik skupaj s spletnim brskalnikom, je to lahko spletnemu mestu v pomo\u010d pri izvajanju uporabniku prijaznej\u0161ih storitev.<\/p>\n<p><strong>\u00a0<\/strong><\/p>\n<p><strong>Zakaj so pi\u0161kotki potrebni?<\/strong><\/p>\n<p>Pi\u0161kotki so temeljnega pomena za zagotavljanje uporabniku prijaznih spletnih storitev. Veliko funkcij e-poslovanja ne bi bilo mogo\u010dih brez pi\u0161kotkov. Hitrej\u0161a in enostavnej\u0161a je interakcija med spletnim uporabnikom in spletno stranjo. Z njihovo pomo\u010djo si spletna stran zapomni posameznikove preference in izku\u0161nje, s tem je prihranjen \u010das, brskanje po spletnih straneh pa je s tem bolj u\u010dinkovito in prijetno.<\/p>\n<p>Na spletnem mestu, vrednem zaupanja, lahko tako pi\u0161kotki obogatijo izku\u0161njo obiskovalca tega mesta. Lahko pa so pi\u0161kotki uporabljeni tudi na na\u010dine, ki pomenijo poseg v posameznikovo zasebnost. Pi\u0161kotki so lahko shranjeni razli\u010dno dolgo, le za trajanje seje brskanja ali pa veliko dlje.<\/p>\n<p>&nbsp;<\/p>\n<p><strong>Zakaj spletne strani uporabljajo pi\u0161kotke?<\/strong><\/p>\n<p>Pi\u0161kotki se uporabljajo na spletnih straneh za ohranjanje sve\u017ee in primerne vsebine, ki je v skladu z interesi in preferencami posameznega spletnega uporabnika. Razlogov za uporabo pi\u0161kotkov je tako ve\u010d, kot prvi gotovo njihova lastnost shranjevanja podatkov o stanju posamezne spletne strani (podrobnosti o prilagoditvah posamezne spletne strani), pomagajo pri izvajanju raznih spletnih storitev (spletne trgovine), pomagajo pri zbiranju raznih statistik, o navadah spletnega uporabnika \u2013 saj se le z njimi lahko spremlja pogostost obiskovanja dolo\u010dene spletne strani.<\/p>\n<p>Podjetja lahko s pomo\u010djo pi\u0161kotkov ocenijo u\u010dinkovitost zasnove svojih spletnih strani, kot tudi ustreznost vrste in \u0161tevila oglasov, ki jih ponujajo uporabnikom na svojih spletnih straneh.<\/p>\n<p><strong>Onemogo\u010denje pi\u0161kotkov:<\/strong><\/p>\n<p>Sami se odlo\u010date, ali boste dovolili shranjevanje pi\u0161kotkov na va\u0161em ra\u010dunalniku ali ne.<\/p>\n<p>En na\u010din, za prepre\u010ditev shranjevanja spletnih pi\u0161kotkov je uporaba zasebnega okna. Zasebno okno omogo\u010da, da se lahko spletne strani pregleduje, pri tem pa brskalnik ki ga uporabljamo ne shranjuje kakr\u0161ne koli informacije o straneh, ki smo jih obiskovali.<\/p>\n<p>Uporabo nekaterih ali vseh Pi\u0161kotkov, ki niso nujno potrebni za delovanje Spletne strani, lahko urejate tudi v nastavitvah va\u0161ega spletnega brskalnika v skladu z naslednjimi navodili:<\/p>\n<ul>\n<li>navodila za nastavitve Pi\u0161kotkov na\u00a0<a href=\"https:\/\/support.google.com\/accounts\/answer\/61416?co=GENIE.Platform%7b0293c0876cda3f9812b2be8abd952607215f90098a5e9b65b24b39d3ec5e2a1c%7d3DDesktop&amp;hl=en\">Google Chrome<\/a>,<\/li>\n<li>navodila za nastavitve Pi\u0161kotkov na\u00a0<a href=\"https:\/\/support.mozilla.org\/en-US\/products\/firefox\/protect-your-privacy\/cookies\">Mozilla Firefox<\/a>,<\/li>\n<li>navodila za nastavitve Pi\u0161kotkov na\u00a0<a href=\"https:\/\/support.microsoft.com\/en-gb\/help\/17442\/windows-internet-explorer-delete-manage-cookies\">Microsoft Internet Explorer<\/a>,<\/li>\n<li>navodila za nastavitve Pi\u0161kotkov na\u00a0<a href=\"https:\/\/support.apple.com\/en-gb\/guide\/safari\/sfri11471\/mac\">Apple Safari<\/a>.<\/li>\n<\/ul>\n<p><strong>\u00a0<\/strong><\/p>\n<p><strong>Ali vsi pi\u0161kotki delujejo enako?<\/strong><\/p>\n<p>Ne! Obstaja ve\u010d vrst pi\u0161kotkov, ki imajo razli\u010dne namene. Pi\u0161kotki se razlikujejo po funkciji, \u010dasu trajanja in stranki, ki jih namesti. \u010ce izklopite pi\u0161kotke, so lahko nekatere mo\u017enosti spletne strani onemogo\u010dene. Tudi pri izklopu vseh pi\u0161kotkov spletni brskalnik \u0161e vedno pridobiva nekatere informacije. Te informacije so potrebne za osnovno delovanje na\u0161e spletne strani.<\/p>\n<p><strong>\u00a0<\/strong><\/p>\n<p><strong>Katere pi\u0161kotke lahko uporablja ta spletna stran<\/strong><\/p>\n<p>Spletno mesto uporablja pi\u0161kotke za izbolj\u0161anje va\u0161e izku\u0161nje med navigacijo po njem. Od tega se pi\u0161kotki, ki so razvr\u0161\u010deni po potrebi, shranijo v va\u0161em brskalniku, saj so bistveni za delovanje osnovnih funkcij spletnega mesta. Uporabljamo lahko tudi pi\u0161kotke tretjih oseb, ki nam pomagajo analizirati in razumeti, kako uporabljate to spletno stran. Ti pi\u0161kotki bodo v va\u0161em brskalniku shranjeni samo z va\u0161im soglasjem. Lahko tudi onemogo\u010dite te pi\u0161kotke, toda izklju\u010ditev nekaterih teh pi\u0161kotkov lahko vpliva na va\u0161o izku\u0161njo brskanja.<\/p>\n<p>&nbsp;<\/p>\n<table class=\"cookies wide-fat\"><thead><tr><td>Cookie Name<\/td><td>Cookie Category<\/td><td>Description<\/td><td>Duration<\/td><\/tr><\/thead><tr><td>wp-wpml_current_language<\/td><td>unknown<\/td><td>unknown<\/td><td>&nbsp;<\/td><\/tr><tr><td>wordpress_<\/td><td>2<\/td><td>WordPress cookie for a logged in user.<\/td><td>session<\/td><\/tr><tr><td>wordpress_logged_in_<\/td><td>2<\/td><td>WordPress cookie for a logged in user<\/td><td>session<\/td><\/tr><tr><td>wordpress_test_<\/td><td>2<\/td><td>WordPress cookie for a logged in user<\/td><td>session<\/td><\/tr><tr><td>wordpress_test_cookie<\/td><td>2<\/td><td>WordPress test cookie<\/td><td>session<\/td><\/tr><tr><td>wp-settings-<\/td><td>1<\/td><td>Wordpress also sets a few wp-settings-[UID] cookies.\nThe number on the end is your individual user ID from the users database table. \nThis is used to customize your view of admin interface, and possibly also the main site interface. \n<\/td><td>1 year<\/td><\/tr><tr><td>wp-settings-time-<\/td><td>2<\/td><td>Wordpress also sets a few wp-settings-{time}-[UID] cookies. The number on the end is your individual user ID from the users database table. This is used to customize your view of admin interface, and possibly also the main site interface.\n<\/td><td>1 year<\/td><\/tr><tr><td>PHPSESSID<\/td><td>1<\/td><td>To identify your unique session on the website<\/td><td>session<\/td><\/tr><tr><td>SESS<\/td><td>1<\/td><td>To ensure that you are recognised when you move from page to page within the site and that any information you have entered is remembered.<\/td><td>session<\/td><\/tr><\/table>\n","protected":false},"excerpt":{"rendered":"<p>Kaj so pi\u0161kotki? Pi\u0161kotki so majhne besedilne datoteke, ki jih obiskana spletna mesta po\u0161ljejo v va\u0161 ra\u010dunalnik in shranijo na njem v datote\u010dnem imeniku spletnega brskalnika. Njihovo shranjevanje je pod popolnim nadzorom brskalnika, ki ga uporablja uporabnik. Samo stre\u017enik, ki je poslal pi\u0161kotek, lahko prebere in uporablja ta pi\u0161kotek. Vedno pa imate mo\u017enost, da pi\u0161kotke [&hellip;]<\/p>\n","protected":false},"author":1,"featured_media":0,"parent":0,"menu_order":0,"comment_status":"closed","ping_status":"closed","template":"","meta":{"footnotes":""},"class_list":["post-2216","page","type-page","status-publish","hentry"],"_links":{"self":[{"href":"https:\/\/hidrografija.si\/en\/wp-json\/wp\/v2\/pages\/2216","targetHints":{"allow":["GET"]}}],"collection":[{"href":"https:\/\/hidrografija.si\/en\/wp-json\/wp\/v2\/pages"}],"about":[{"href":"https:\/\/hidrografija.si\/en\/wp-json\/wp\/v2\/types\/page"}],"author":[{"embeddable":true,"href":"https:\/\/hidrografija.si\/en\/wp-json\/wp\/v2\/users\/1"}],"replies":[{"embeddable":true,"href":"https:\/\/hidrografija.si\/en\/wp-json\/wp\/v2\/comments?post=2216"}],"version-history":[{"count":3,"href":"https:\/\/hidrografija.si\/en\/wp-json\/wp\/v2\/pages\/2216\/revisions"}],"predecessor-version":[{"id":3178,"href":"https:\/\/hidrografija.si\/en\/wp-json\/wp\/v2\/pages\/2216\/revisions\/3178"}],"wp:attachment":[{"href":"https:\/\/hidrografija.si\/en\/wp-json\/wp\/v2\/media?parent=2216"}],"curies":[{"name":"wp","href":"https:\/\/api.w.org\/{rel}","templated":true}]}}